{"id":139,"date":"2025-10-29T19:52:40","date_gmt":"2025-10-29T19:52:40","guid":{"rendered":"http:\/\/nsdoihq.cluster021.hosting.ovh.net\/?page_id=139"},"modified":"2025-11-29T21:37:40","modified_gmt":"2025-11-29T21:37:40","slug":"dolina","status":"publish","type":"page","link":"http:\/\/www.tomaszcetner.com\/index.php\/dolina\/","title":{"rendered":"Dolina"},"content":{"rendered":"\n<h3 class=\"wp-block-heading\">Z czym nie umieliby\u015bmy si\u0119 rozsta\u0107 na s\u0105dzie ostatecznym<\/h3>\n\n\n\n<p><span class=\"has-superb-addons-text-align-justify\">Jaki przedmiot jest nam potrzebny tak bardzo, \u017ce nie wyobra\u017camy sobie \u017cycia bez niego nawet w raju?<\/span><\/p>\n\n\n\n<p><span class=\"has-superb-addons-text-align-justify\">Co jest tak istotn\u0105 cz\u0119\u015bci\u0105 naszej to\u017csamo\u015bci, \u017ce rezygnuj\u0105c z tego nie byliby\u015bmy ju\u017c sob\u0105?<\/span><\/p>\n\n\n<style type=\"text\/css\">\n#foogallery-gallery-462 .fg-image { width: 160px; }\n#foogallery-gallery-462 { --fg-gutter: 10px; }<\/style>\n\t\t\t<div class=\"foogallery foogallery-container foogallery-default foogallery-lightbox-foogallery fg-center fg-default fg-ready fg-light fg-border-thin fg-shadow-medium fg-loading-default fg-loaded-fade-in fg-preset fg-brad fg-preset-small fg-preset fg-brad fg-preset-small\" id=\"foogallery-gallery-462\" data-foogallery=\"{&quot;item&quot;:{&quot;showCaptionTitle&quot;:true,&quot;showCaptionDescription&quot;:true},&quot;lazy&quot;:true}\" data-foogallery-lightbox=\"{&quot;theme&quot;:&quot;fg-dark&quot;,&quot;thumbs&quot;:&quot;none&quot;,&quot;info&quot;:false,&quot;infoAlign&quot;:&quot;default&quot;,&quot;transition&quot;:&quot;fade&quot;,&quot;hoverButtons&quot;:false,&quot;fitMedia&quot;:false,&quot;noScrollbars&quot;:true,&quot;preserveButtonSpace&quot;:true,&quot;buttons&quot;:{&quot;fullscreen&quot;:true,&quot;info&quot;:false,&quot;thumbs&quot;:false},&quot;video&quot;:{&quot;autoPlay&quot;:true}}\" style=\"--fg-title-line-clamp: 0; --fg-description-line-clamp: 0;\" >\n\t<div class=\"fg-item fg-type-image fg-idle\"><figure class=\"fg-item-inner\"><a href=\"http:\/\/www.tomaszcetner.com\/wp-content\/uploads\/2025\/11\/PXL_20251030_155305909.PORTRAIT.ORIGINAL2-scaled.jpg\" data-attachment-id=\"469\" data-type=\"image\" class=\"fg-thumb\"><span class=\"fg-image-wrap\"><img decoding=\"async\" width=\"160\" height=\"240\" class=\"skip-lazy fg-image\" data-src-fg=\"http:\/\/www.tomaszcetner.com\/wp-content\/uploads\/cache\/2025\/11\/PXL_20251030_155305909_PORTRAIT_ORIGINAL2-scaled\/2956960038.jpg\" src=\"data:image\/svg+xml,%3Csvg%20xmlns%3D%22http%3A%2F%2Fwww.w3.org%2F2000%2Fsvg%22%20width%3D%22160%22%20height%3D%22240%22%20viewBox%3D%220%200%20160%20240%22%3E%3C%2Fsvg%3E\" loading=\"eager\"><\/span><span class=\"fg-image-overlay\"><\/span><\/a><\/figure><div class=\"fg-loader\"><\/div><\/div><div class=\"fg-item fg-type-image fg-idle\"><figure class=\"fg-item-inner\"><a href=\"http:\/\/www.tomaszcetner.com\/wp-content\/uploads\/2025\/11\/PXL_20251030_155236669.PORTRAIT2-scaled.jpg\" data-attachment-id=\"466\" data-type=\"image\" class=\"fg-thumb\"><span class=\"fg-image-wrap\"><img decoding=\"async\" width=\"160\" height=\"240\" class=\"skip-lazy fg-image\" data-src-fg=\"http:\/\/www.tomaszcetner.com\/wp-content\/uploads\/cache\/2025\/11\/PXL_20251030_155236669_PORTRAIT2-scaled\/520859944.jpg\" src=\"data:image\/svg+xml,%3Csvg%20xmlns%3D%22http%3A%2F%2Fwww.w3.org%2F2000%2Fsvg%22%20width%3D%22160%22%20height%3D%22240%22%20viewBox%3D%220%200%20160%20240%22%3E%3C%2Fsvg%3E\" loading=\"eager\"><\/span><span class=\"fg-image-overlay\"><\/span><\/a><\/figure><div class=\"fg-loader\"><\/div><\/div><div class=\"fg-item fg-type-image fg-idle\"><figure class=\"fg-item-inner\"><a href=\"http:\/\/www.tomaszcetner.com\/wp-content\/uploads\/2025\/11\/PXL_20251030_155159981.PORTRAIT.ORIGINAL2-scaled.jpg\" data-attachment-id=\"464\" data-type=\"image\" class=\"fg-thumb\"><span class=\"fg-image-wrap\"><img decoding=\"async\" width=\"160\" height=\"240\" class=\"skip-lazy fg-image\" data-src-fg=\"http:\/\/www.tomaszcetner.com\/wp-content\/uploads\/cache\/2025\/11\/PXL_20251030_155159981_PORTRAIT_ORIGINAL2-scaled\/206856143.jpg\" src=\"data:image\/svg+xml,%3Csvg%20xmlns%3D%22http%3A%2F%2Fwww.w3.org%2F2000%2Fsvg%22%20width%3D%22160%22%20height%3D%22240%22%20viewBox%3D%220%200%20160%20240%22%3E%3C%2Fsvg%3E\" loading=\"eager\"><\/span><span class=\"fg-image-overlay\"><\/span><\/a><\/figure><div class=\"fg-loader\"><\/div><\/div><div class=\"fg-item fg-type-image fg-idle\"><figure class=\"fg-item-inner\"><a href=\"http:\/\/www.tomaszcetner.com\/wp-content\/uploads\/2025\/11\/PXL_20251030_155143054.PORTRAIT.ORIGINAL2-scaled.jpg\" data-attachment-id=\"463\" data-type=\"image\" class=\"fg-thumb\"><span class=\"fg-image-wrap\"><img decoding=\"async\" width=\"160\" height=\"240\" class=\"skip-lazy fg-image\" data-src-fg=\"http:\/\/www.tomaszcetner.com\/wp-content\/uploads\/cache\/2025\/11\/PXL_20251030_155143054_PORTRAIT_ORIGINAL2-scaled\/1157904018.jpg\" src=\"data:image\/svg+xml,%3Csvg%20xmlns%3D%22http%3A%2F%2Fwww.w3.org%2F2000%2Fsvg%22%20width%3D%22160%22%20height%3D%22240%22%20viewBox%3D%220%200%20160%20240%22%3E%3C%2Fsvg%3E\" loading=\"eager\"><\/span><span class=\"fg-image-overlay\"><\/span><\/a><\/figure><div class=\"fg-loader\"><\/div><\/div><div class=\"fg-item fg-type-image fg-idle\"><figure class=\"fg-item-inner\"><a href=\"http:\/\/www.tomaszcetner.com\/wp-content\/uploads\/2025\/11\/PXL_20251030_155332628.PORTRAIT.ORIGINAL2-scaled.jpg\" data-attachment-id=\"473\" data-type=\"image\" class=\"fg-thumb\"><span class=\"fg-image-wrap\"><img decoding=\"async\" width=\"160\" height=\"240\" class=\"skip-lazy fg-image\" data-src-fg=\"http:\/\/www.tomaszcetner.com\/wp-content\/uploads\/cache\/2025\/11\/PXL_20251030_155332628_PORTRAIT_ORIGINAL2-scaled\/2413143737.jpg\" src=\"data:image\/svg+xml,%3Csvg%20xmlns%3D%22http%3A%2F%2Fwww.w3.org%2F2000%2Fsvg%22%20width%3D%22160%22%20height%3D%22240%22%20viewBox%3D%220%200%20160%20240%22%3E%3C%2Fsvg%3E\" loading=\"eager\"><\/span><span class=\"fg-image-overlay\"><\/span><\/a><\/figure><div class=\"fg-loader\"><\/div><\/div><div class=\"fg-item fg-type-image fg-idle\"><figure class=\"fg-item-inner\"><a href=\"http:\/\/www.tomaszcetner.com\/wp-content\/uploads\/2025\/11\/PXL_20251030_155251999.PORTRAIT2-scaled.jpg\" data-attachment-id=\"467\" data-type=\"image\" class=\"fg-thumb\"><span class=\"fg-image-wrap\"><img decoding=\"async\" width=\"160\" height=\"240\" class=\"skip-lazy fg-image\" data-src-fg=\"http:\/\/www.tomaszcetner.com\/wp-content\/uploads\/cache\/2025\/11\/PXL_20251030_155251999_PORTRAIT2-scaled\/242683793.jpg\" src=\"data:image\/svg+xml,%3Csvg%20xmlns%3D%22http%3A%2F%2Fwww.w3.org%2F2000%2Fsvg%22%20width%3D%22160%22%20height%3D%22240%22%20viewBox%3D%220%200%20160%20240%22%3E%3C%2Fsvg%3E\" loading=\"eager\"><\/span><span class=\"fg-image-overlay\"><\/span><\/a><\/figure><div class=\"fg-loader\"><\/div><\/div><div class=\"fg-item fg-type-image fg-idle\"><figure class=\"fg-item-inner\"><a href=\"http:\/\/www.tomaszcetner.com\/wp-content\/uploads\/2025\/11\/PXL_20251030_155218366.PORTRAIT.ORIGINAL2-scaled.jpg\" data-attachment-id=\"465\" data-type=\"image\" class=\"fg-thumb\"><span class=\"fg-image-wrap\"><img decoding=\"async\" width=\"160\" height=\"240\" class=\"skip-lazy fg-image\" data-src-fg=\"http:\/\/www.tomaszcetner.com\/wp-content\/uploads\/cache\/2025\/11\/PXL_20251030_155218366_PORTRAIT_ORIGINAL2-scaled\/4070913291.jpg\" src=\"data:image\/svg+xml,%3Csvg%20xmlns%3D%22http%3A%2F%2Fwww.w3.org%2F2000%2Fsvg%22%20width%3D%22160%22%20height%3D%22240%22%20viewBox%3D%220%200%20160%20240%22%3E%3C%2Fsvg%3E\" loading=\"eager\"><\/span><span class=\"fg-image-overlay\"><\/span><\/a><\/figure><div class=\"fg-loader\"><\/div><\/div><div class=\"fg-item fg-type-image fg-idle\"><figure class=\"fg-item-inner\"><a href=\"http:\/\/www.tomaszcetner.com\/wp-content\/uploads\/2025\/11\/PXL_20251030_155318992.PORTRAIT.ORIGINAL2-scaled.jpg\" data-attachment-id=\"471\" data-type=\"image\" class=\"fg-thumb\"><span class=\"fg-image-wrap\"><img decoding=\"async\" width=\"160\" height=\"240\" class=\"skip-lazy fg-image\" data-src-fg=\"http:\/\/www.tomaszcetner.com\/wp-content\/uploads\/cache\/2025\/11\/PXL_20251030_155318992_PORTRAIT_ORIGINAL2-scaled\/1427973390.jpg\" src=\"data:image\/svg+xml,%3Csvg%20xmlns%3D%22http%3A%2F%2Fwww.w3.org%2F2000%2Fsvg%22%20width%3D%22160%22%20height%3D%22240%22%20viewBox%3D%220%200%20160%20240%22%3E%3C%2Fsvg%3E\" loading=\"eager\"><\/span><span class=\"fg-image-overlay\"><\/span><\/a><\/figure><div class=\"fg-loader\"><\/div><\/div><\/div>\n\n\n\n<p>W nawi\u0105zaniu do wiersza Zbigniewa Herberta &#8220;U wr\u00f3t doliny&#8221;.<\/p>\n\n\n\n<blockquote class=\"wp-block-quote is-layout-flow wp-block-quote-is-layout-flow\">\n<p>Po deszczu gwiazd<br>na \u0142\u0105ce popio\u0142\u00f3w<br>zebrali si\u0119 wszyscy pod stra\u017c\u0105 anio\u0142\u00f3w<\/p>\n\n\n\n<p>z ocala\u0142ego wzg\u00f3rza<br>mo\u017cna obj\u0105\u0107 okiem<br>ca\u0142e becz\u0105ce stado dwunog\u00f3w<\/p>\n\n\n\n<p>naprawd\u0119 jest ich niewielu<br>doliczaj\u0105c nawet tych kt\u00f3rzy przyjd\u0105<br>z kronik bajek i \u017cywot\u00f3w \u015bwi\u0119tych<\/p>\n\n\n\n<p>ale do\u015b\u0107 tych rozwa\u017ca\u0144 przenie\u015bmy si\u0119 wzrokiem<br>do gard\u0142a doliny z kt\u00f3rego dobywa si\u0119 krzyk<\/p>\n\n\n\n<p>po \u015bwi\u015bcie eksplozji<br>po \u015bwi\u015bcie ciszy<br>ten g\u0142os bije jak \u017ar\u00f3d\u0142o \u017cywej wody<\/p>\n\n\n\n<p>jest to jak nam wyja\u015bniaj\u0105<br>krzyk matek od kt\u00f3rych od\u0142\u0105czaj\u0105 dzieci<br>gdy\u017c jak si\u0119 okazuje<br>b\u0119dziemy zbawieni pojedynczo<\/p>\n\n\n\n<p>anio\u0142owie str\u00f3\u017ce s\u0105 bezwzgl\u0119dni<br>i trzeba przyzna\u0107 maj\u0105 ci\u0119\u017ck\u0105 robot\u0119<\/p>\n\n\n\n<p>ona prosi<br>\u2013 schowaj mnie w oku<br>w d\u0142oni w ramionach<br>zawsze byli\u015bmy razem<br>nie mo\u017cesz mnie teraz opu\u015bci\u0107<br>kiedy umar\u0142am i potrzebuj\u0119 czu\u0142o\u015bci<\/p>\n\n\n\n<p>starszy anio\u0142<br>z u\u015bmiechem t\u0142umaczy nieporozumienie<\/p>\n\n\n\n<p>staruszka niesie<br>zw\u0142oki kanarka<br>(wszystkie zwierz\u0119ta umar\u0142y troch\u0119 wcze\u015bniej)<br>by\u0142 taki mi\u0142y \u2013 m\u00f3wi z p\u0142aczem \u2013<br>wszystko rozumia\u0142<br>kiedy powiedzia\u0142am<br>g\u0142os jej ginie w\u015br\u00f3d og\u00f3lnego wrzasku<\/p>\n\n\n\n<p>nawet drwal<br>kt\u00f3rego trudno pos\u0105dzi\u0107 o takie rzeczy<br>stare zgarbione ch\u0142opisko<br>przyciska siekier\u0119 do piersi<br>\u2013 ca\u0142e \u017cycie by\u0142a moja<br>teraz te\u017c b\u0119dzie moja<br>\u017cywi\u0142a mnie tam<br>wy\u017cywi tu<br>nikt nie ma prawa<br>\u2013 powiada \u2013<br>nie oddam<\/p>\n\n\n\n<p>ci kt\u00f3rzy jak si\u0119 zdaje<br>bez b\u00f3lu poddali si\u0119 rozkazom<\/p>\n\n\n\n<p>id\u0105 spu\u015bciwszy g\u0142owy na znak pojednania<br>ale w zaci\u015bni\u0119tych pi\u0119\u015bciach chowaj\u0105<br>strz\u0119py list\u00f3w wst\u0105\u017cki w\u0142osy uci\u0119te<br>i fotografie<br>kt\u00f3re jak s\u0105dz\u0105 naiwnie<br>nie zostan\u0105 im odebrane<\/p>\n\n\n\n<p>tak to oni wygl\u0105daj\u0105<br>na moment<br>przed ostatecznym podzia\u0142em<br>na zgrzytaj\u0105cych z\u0119bami<br>i \u015bpiewaj\u0105cych psalmy&nbsp;<\/p>\n<\/blockquote>\n\n\n\n<div class=\"wp-block-buttons is-content-justification-space-between is-layout-flex wp-container-core-buttons-is-layout-b2891da8 wp-block-buttons-is-layout-flex\">\n<div class=\"wp-block-button is-style-fill\"><a class=\"wp-block-button__link has-body-text-color has-border-background-color has-text-color has-background has-link-color wp-element-button\" href=\"https:\/\/www.tomaszcetner.com\/index.php\/pozegnanie\/\">&lt;&lt; Po\u017cegnanie<\/a><\/div>\n\n\n\n<div class=\"wp-block-button\"><a class=\"wp-block-button__link has-body-text-color has-border-background-color has-text-color has-background has-link-color wp-element-button\" href=\"https:\/\/www.tomaszcetner.com\/index.php\/modlitwa\/\">Modlitwa &gt;&gt;<\/a><\/div>\n<\/div>\n\n\n\n<p><\/p>\n","protected":false},"excerpt":{"rendered":"<p>Z czym nie umieliby\u015bmy si\u0119 rozsta\u0107 na s\u0105dzie ostatecznym Jaki przedmiot jest nam potrzebny tak bardzo, \u017ce nie wyobra\u017camy sobie \u017cycia bez niego nawet w raju? Co jest tak istotn\u0105 cz\u0119\u015bci\u0105 naszej to\u017csamo\u015bci, \u017ce rezygnuj\u0105c z tego nie byliby\u015bmy ju\u017c sob\u0105? W nawi\u0105zaniu do wiersza Zbigniewa Herberta &#8220;U wr\u00f3t doliny&#8221;. Po deszczu gwiazdna \u0142\u0105ce popio\u0142\u00f3wzebrali [&hellip;]<\/p>\n","protected":false},"author":1,"featured_media":0,"parent":0,"menu_order":0,"comment_status":"closed","ping_status":"closed","template":"","meta":{"footnotes":""},"class_list":["post-139","page","type-page","status-publish","hentry"],"_links":{"self":[{"href":"http:\/\/www.tomaszcetner.com\/index.php\/wp-json\/wp\/v2\/pages\/139","targetHints":{"allow":["GET"]}}],"collection":[{"href":"http:\/\/www.tomaszcetner.com\/index.php\/wp-json\/wp\/v2\/pages"}],"about":[{"href":"http:\/\/www.tomaszcetner.com\/index.php\/wp-json\/wp\/v2\/types\/page"}],"author":[{"embeddable":true,"href":"http:\/\/www.tomaszcetner.com\/index.php\/wp-json\/wp\/v2\/users\/1"}],"replies":[{"embeddable":true,"href":"http:\/\/www.tomaszcetner.com\/index.php\/wp-json\/wp\/v2\/comments?post=139"}],"version-history":[{"count":17,"href":"http:\/\/www.tomaszcetner.com\/index.php\/wp-json\/wp\/v2\/pages\/139\/revisions"}],"predecessor-version":[{"id":495,"href":"http:\/\/www.tomaszcetner.com\/index.php\/wp-json\/wp\/v2\/pages\/139\/revisions\/495"}],"wp:attachment":[{"href":"http:\/\/www.tomaszcetner.com\/index.php\/wp-json\/wp\/v2\/media?parent=139"}],"curies":[{"name":"wp","href":"https:\/\/api.w.org\/{rel}","templated":true}]}}