{"id":144,"date":"2025-10-29T19:55:47","date_gmt":"2025-10-29T19:55:47","guid":{"rendered":"http:\/\/nsdoihq.cluster021.hosting.ovh.net\/?page_id=144"},"modified":"2026-02-25T13:10:57","modified_gmt":"2026-02-25T13:10:57","slug":"anarchia","status":"publish","type":"page","link":"http:\/\/www.tomaszcetner.com\/index.php\/anarchia\/","title":{"rendered":"Anarchia"},"content":{"rendered":"\n<h3 class=\"wp-block-heading\">Anarchia <\/h3>\n\n\n\n<p><em>Projekt w budowie<\/em><\/p>\n\n\n\n<p><span class=\"has-superb-addons-text-align-justify\">Stw\u00f3rzmy nowe zawody! Zawody, kt\u00f3re obal\u0105 patologiczny system t\u0142umi\u0105cy nasze cz\u0142owiecze\u0144stwo. Zawody wynikaj\u0105ce z naszych w\u0142asnych potrzeb. Nie dajmy si\u0119! Do pracy!<\/span><\/p>\n\n\n\n<p class=\"has-text-align-left\"><span class=\"has-superb-addons-text-align-justify\">Wielki Guru Alejandro Jodorovsky opisa\u0142 w swojej ksi\u0105\u017cce &#8220;Tam, gdzie ptak \u015bpiewa najlepiej&#8221; taki epizod z \u017cycia swojego dziadka i babci:<\/span><\/p>\n\n\n\n<div class=\"alignnormal\"><div id=\"metaslider-id-511\" style=\"width: 100%;\" class=\"ml-slider-3-106-0 metaslider metaslider-flex metaslider-511 ml-slider has-dots-nav ms-theme-default-base\" role=\"region\" aria-label=\"Anarchia Alejandro\" data-height=\"900\" data-width=\"700\">\n    <div id=\"metaslider_container_511\">\n        <div id=\"metaslider_511\">\n            <ul aria-live='polite' class='slides'>\n                <li style=\"display: block; width: 100%;\" class=\"slide-515 ms-image \" aria-roledescription=\"slide\" data-date=\"2026-01-31 10:47:25\" data-filename=\"Screenshot-2026-01-31-at-11-45-52-Anarchia-skan-20.01.2026-1.pdf.png\" data-slide-type=\"image\"><img loading=\"lazy\" decoding=\"async\" width=\"1420\" height=\"2030\" src=\"http:\/\/www.tomaszcetner.com\/wp-content\/uploads\/2026\/01\/Screenshot-2026-01-31-at-11-45-52-Anarchia-skan-20.01.2026-1.pdf.png\" class=\"slider-511 slide-515 msDefaultImage\" alt=\"\" rel=\"\" title=\"Screenshot 2026-01-31 at 11-45-52 Anarchia-skan-20.01.2026 (1).pdf\" srcset=\"http:\/\/www.tomaszcetner.com\/wp-content\/uploads\/2026\/01\/Screenshot-2026-01-31-at-11-45-52-Anarchia-skan-20.01.2026-1.pdf.png 1420w, http:\/\/www.tomaszcetner.com\/wp-content\/uploads\/2026\/01\/Screenshot-2026-01-31-at-11-45-52-Anarchia-skan-20.01.2026-1.pdf-210x300.png 210w, http:\/\/www.tomaszcetner.com\/wp-content\/uploads\/2026\/01\/Screenshot-2026-01-31-at-11-45-52-Anarchia-skan-20.01.2026-1.pdf-716x1024.png 716w, http:\/\/www.tomaszcetner.com\/wp-content\/uploads\/2026\/01\/Screenshot-2026-01-31-at-11-45-52-Anarchia-skan-20.01.2026-1.pdf-768x1098.png 768w, http:\/\/www.tomaszcetner.com\/wp-content\/uploads\/2026\/01\/Screenshot-2026-01-31-at-11-45-52-Anarchia-skan-20.01.2026-1.pdf-1074x1536.png 1074w\" sizes=\"auto, (max-width: 1420px) 100vw, 1420px\" \/><\/li>\n                <li style=\"display: none; width: 100%;\" class=\"slide-516 ms-image \" aria-roledescription=\"slide\" data-date=\"2026-01-31 10:47:25\" data-filename=\"Screenshot-2026-01-31-at-11-46-41-Anarchia-skan-20.01.2026-1.pdf.png\" data-slide-type=\"image\"><img loading=\"lazy\" decoding=\"async\" width=\"1436\" height=\"2122\" src=\"http:\/\/www.tomaszcetner.com\/wp-content\/uploads\/2026\/01\/Screenshot-2026-01-31-at-11-46-41-Anarchia-skan-20.01.2026-1.pdf.png\" class=\"slider-511 slide-516 msDefaultImage\" alt=\"\" rel=\"\" title=\"Screenshot 2026-01-31 at 11-46-41 Anarchia-skan-20.01.2026 (1).pdf\" srcset=\"http:\/\/www.tomaszcetner.com\/wp-content\/uploads\/2026\/01\/Screenshot-2026-01-31-at-11-46-41-Anarchia-skan-20.01.2026-1.pdf.png 1436w, http:\/\/www.tomaszcetner.com\/wp-content\/uploads\/2026\/01\/Screenshot-2026-01-31-at-11-46-41-Anarchia-skan-20.01.2026-1.pdf-203x300.png 203w, http:\/\/www.tomaszcetner.com\/wp-content\/uploads\/2026\/01\/Screenshot-2026-01-31-at-11-46-41-Anarchia-skan-20.01.2026-1.pdf-693x1024.png 693w, http:\/\/www.tomaszcetner.com\/wp-content\/uploads\/2026\/01\/Screenshot-2026-01-31-at-11-46-41-Anarchia-skan-20.01.2026-1.pdf-768x1135.png 768w, http:\/\/www.tomaszcetner.com\/wp-content\/uploads\/2026\/01\/Screenshot-2026-01-31-at-11-46-41-Anarchia-skan-20.01.2026-1.pdf-1039x1536.png 1039w, http:\/\/www.tomaszcetner.com\/wp-content\/uploads\/2026\/01\/Screenshot-2026-01-31-at-11-46-41-Anarchia-skan-20.01.2026-1.pdf-1386x2048.png 1386w\" sizes=\"auto, (max-width: 1436px) 100vw, 1436px\" \/><\/li>\n            <\/ul>\n        <\/div>\n        \n    <\/div>\n<\/div><\/div>\n\n\n\n<p><span class=\"has-superb-addons-text-align-justify\">Od tamtych wydarze\u0144 up\u0142yn\u0119\u0142o ko\u0142o 100 lat, co si\u0119 zmieni\u0142o a co pozosta\u0142o aktualne? Jakich zawod\u00f3w potrzebujemy dzi\u015b, aby uwolni\u0107 si\u0119 od bezduszno\u015bci systemu? Czekam na Wasze propozycje, zr\u00f3bmy to razem!<\/span><\/p>\n\n\n\n<div class=\"wp-block-comments\"><h2 id=\"comments\" class=\"wp-block-comments-title\">5 responses to &#8220;Anarchia&#8221;<\/h2>\n\n<ol class=\"wp-block-comment-template\"><li id=\"comment-2\" class=\"comment even thread-even depth-1\">\n\n<div class=\"wp-block-columns is-layout-flex wp-container-core-columns-is-layout-28f84493 wp-block-columns-is-layout-flex\">\n<div class=\"wp-block-column is-layout-flow wp-block-column-is-layout-flow\" style=\"flex-basis:40px\"><div class=\"wp-block-avatar\"><img alt='Tomek Cetner Avatar' src='https:\/\/secure.gravatar.com\/avatar\/431b8fec59af55d1cf663364a5ccefee23029e686b754b5578a4148bfdfc9879?s=40&#038;d=mm&#038;r=g' srcset='https:\/\/secure.gravatar.com\/avatar\/431b8fec59af55d1cf663364a5ccefee23029e686b754b5578a4148bfdfc9879?s=80&#038;d=mm&#038;r=g 2x' class='avatar avatar-40 photo wp-block-avatar__image' height='40' width='40'  style=\"border-radius:20px;\"\/><\/div><\/div>\n\n\n\n<div class=\"wp-block-column is-layout-flow wp-block-column-is-layout-flow\"><div class=\"wp-block-comment-author-name has-small-font-size\">Tomek Cetner<\/div>\n\n\n<div class=\"wp-block-group is-layout-flex wp-block-group-is-layout-flex\" style=\"margin-top:0px;margin-bottom:0px\"><div class=\"wp-block-comment-date has-small-font-size\"><time datetime=\"2026-01-31T11:18:40+00:00\"><a href=\"http:\/\/www.tomaszcetner.com\/index.php\/anarchia\/#comment-2\">January 31, 2026<\/a><\/time><\/div>\n\n<\/div>\n\n\n<div class=\"wp-block-comment-content\"><p>Cross Fitter &#8211; profesjonalne dobieranie krzy\u017cy.<br \/>\nCzy krzy\u017c, kt\u00f3ry niesiesz przez \u017cycie, jest odpowiedni dla Twoich do\u015bwiadcze\u0144? A mo\u017ce bierzesz za du\u017co na swoje barki? Mo\u017ce ten grzech nie jest Tw\u00f3j? Nie trzeba, nie trzeba, nie trzeba. Zobacz, taki mniejszy krzy\u017c te\u017c b\u0119dzie dobry, b\u0119dzie pasowa\u0142, b\u0119dzie taki Tw\u00f3j.<br \/>\nZg\u0142oszenia na <a href=\"mailto:crossfit@tomaszcetner.com\">crossfit@tomaszcetner.com<\/a><\/p>\n<\/div>\n\n<div class=\"wp-block-comment-reply-link has-small-font-size\"><a rel=\"nofollow\" class=\"comment-reply-link\" href=\"http:\/\/www.tomaszcetner.com\/index.php\/anarchia\/?replytocom=2#respond\" data-commentid=\"2\" data-postid=\"144\" data-belowelement=\"comment-2\" data-respondelement=\"respond\" data-replyto=\"Reply to Tomek Cetner\" aria-label=\"Reply to Tomek Cetner\">Reply<\/a><\/div><\/div>\n<\/div>\n\n<\/li><li id=\"comment-3\" class=\"comment odd alt thread-odd thread-alt depth-1\">\n\n<div class=\"wp-block-columns is-layout-flex wp-container-core-columns-is-layout-28f84493 wp-block-columns-is-layout-flex\">\n<div class=\"wp-block-column is-layout-flow wp-block-column-is-layout-flow\" style=\"flex-basis:40px\"><div class=\"wp-block-avatar\"><img alt='Tomek Cetner Avatar' src='https:\/\/secure.gravatar.com\/avatar\/431b8fec59af55d1cf663364a5ccefee23029e686b754b5578a4148bfdfc9879?s=40&#038;d=mm&#038;r=g' srcset='https:\/\/secure.gravatar.com\/avatar\/431b8fec59af55d1cf663364a5ccefee23029e686b754b5578a4148bfdfc9879?s=80&#038;d=mm&#038;r=g 2x' class='avatar avatar-40 photo wp-block-avatar__image' height='40' width='40'  style=\"border-radius:20px;\"\/><\/div><\/div>\n\n\n\n<div class=\"wp-block-column is-layout-flow wp-block-column-is-layout-flow\"><div class=\"wp-block-comment-author-name has-small-font-size\">Tomek Cetner<\/div>\n\n\n<div class=\"wp-block-group is-layout-flex wp-block-group-is-layout-flex\" style=\"margin-top:0px;margin-bottom:0px\"><div class=\"wp-block-comment-date has-small-font-size\"><time datetime=\"2026-01-31T11:39:58+00:00\"><a href=\"http:\/\/www.tomaszcetner.com\/index.php\/anarchia\/#comment-3\">January 31, 2026<\/a><\/time><\/div>\n\n<\/div>\n\n\n<div class=\"wp-block-comment-content\"><p>Sekretny Bajarz &#8211; wymiana sekretnych opowie\u015bci, dyskretnie.<br \/>\nGryzie Ci\u0119 jaka\u015b historia, kt\u00f3rej nigdy nie mog\u0142e\u015b nikomu opowiedzie\u0107? Straszny sekret w mroku Twojej duszy uwiera Ci\u0119 jak cier\u0144? Opowiedz mi.<br \/>\nZnajdziesz mnie na placach i ulicach, w t\u0142umie ludzi, rozpoznasz po wielkim sk\u00f3rzanym uchu do s\u0142uchania i w\u0105skiej stalowej tr\u0105bce do m\u00f3wienia.<br \/>\nSekret za sekret. Wys\u0142ucham Twojego i odpowiem Ci cudzym. S\u0142owo za s\u0142owo. Uwolnisz si\u0119 od swojego ci\u0119\u017caru, ale przyjmiesz te\u017c cudzy. A Tw\u00f3j kiedy\u015b trafi do kolejnej osoby.<br \/>\nNikogo nie oceniam, niczego nie komentuj\u0119, niczego nie zapominam.<\/p>\n<\/div>\n\n<div class=\"wp-block-comment-reply-link has-small-font-size\"><a rel=\"nofollow\" class=\"comment-reply-link\" href=\"http:\/\/www.tomaszcetner.com\/index.php\/anarchia\/?replytocom=3#respond\" data-commentid=\"3\" data-postid=\"144\" data-belowelement=\"comment-3\" data-respondelement=\"respond\" data-replyto=\"Reply to Tomek Cetner\" aria-label=\"Reply to Tomek Cetner\">Reply<\/a><\/div><\/div>\n<\/div>\n\n<\/li><li id=\"comment-4\" class=\"comment even thread-even depth-1\">\n\n<div class=\"wp-block-columns is-layout-flex wp-container-core-columns-is-layout-28f84493 wp-block-columns-is-layout-flex\">\n<div class=\"wp-block-column is-layout-flow wp-block-column-is-layout-flow\" style=\"flex-basis:40px\"><div class=\"wp-block-avatar\"><img alt='Tomek Cetner Avatar' src='https:\/\/secure.gravatar.com\/avatar\/431b8fec59af55d1cf663364a5ccefee23029e686b754b5578a4148bfdfc9879?s=40&#038;d=mm&#038;r=g' srcset='https:\/\/secure.gravatar.com\/avatar\/431b8fec59af55d1cf663364a5ccefee23029e686b754b5578a4148bfdfc9879?s=80&#038;d=mm&#038;r=g 2x' class='avatar avatar-40 photo wp-block-avatar__image' height='40' width='40'  style=\"border-radius:20px;\"\/><\/div><\/div>\n\n\n\n<div class=\"wp-block-column is-layout-flow wp-block-column-is-layout-flow\"><div class=\"wp-block-comment-author-name has-small-font-size\">Tomek Cetner<\/div>\n\n\n<div class=\"wp-block-group is-layout-flex wp-block-group-is-layout-flex\" style=\"margin-top:0px;margin-bottom:0px\"><div class=\"wp-block-comment-date has-small-font-size\"><time datetime=\"2026-01-31T12:59:13+00:00\"><a href=\"http:\/\/www.tomaszcetner.com\/index.php\/anarchia\/#comment-4\">January 31, 2026<\/a><\/time><\/div>\n\n<\/div>\n\n\n<div class=\"wp-block-comment-content\"><p>Pie\u015bniarze \u015amieciarkowi &#8211; umilanie utylizacji.<br \/>\nNie mierzi Ci\u0119 d\u017awi\u0119k \u015bmieciarki o poranku? Nie frustruje czekanie na w\u0105skiej ulicy a\u017c wywioz\u0105 \u015bmieci? Od dzi\u015b b\u0119dziesz czeka\u0142 \u015bmieciarek z wyt\u0119sknieniem! Nasi charyzmatyczni \u015bpiewacy b\u0119d\u0105 je\u017adzi\u0107 na \u015bmieciarkach i umila\u0107 wszystkim t\u0119 m\u0119cz\u0105c\u0105 robot\u0119. Ju\u017c nie obudzi Ci\u0119 metaliczny szcz\u0119k lecz koj\u0105ce d\u017awi\u0119ki Ave Maria, a gdy b\u0119dziesz czeka\u0142 w ciasnym samochodzie, zmys\u0142y Twoje o\u017cywi\u0105 si\u0119 s\u0142uchaj\u0105c Traviaty, Carmen lub Cyrulika Sewilskiego. I te stroje!<\/p>\n<\/div>\n\n<div class=\"wp-block-comment-reply-link has-small-font-size\"><a rel=\"nofollow\" class=\"comment-reply-link\" href=\"http:\/\/www.tomaszcetner.com\/index.php\/anarchia\/?replytocom=4#respond\" data-commentid=\"4\" data-postid=\"144\" data-belowelement=\"comment-4\" data-respondelement=\"respond\" data-replyto=\"Reply to Tomek Cetner\" aria-label=\"Reply to Tomek Cetner\">Reply<\/a><\/div><\/div>\n<\/div>\n\n<\/li><li id=\"comment-5\" class=\"comment odd alt thread-odd thread-alt depth-1\">\n\n<div class=\"wp-block-columns is-layout-flex wp-container-core-columns-is-layout-28f84493 wp-block-columns-is-layout-flex\">\n<div class=\"wp-block-column is-layout-flow wp-block-column-is-layout-flow\" style=\"flex-basis:40px\"><div class=\"wp-block-avatar\"><img alt='Marcin Hendiger Avatar' src='https:\/\/secure.gravatar.com\/avatar\/e1c55a7fb41ec9010c953ae81d73444c9fc299756b14dbec9d082a09a270a5f3?s=40&#038;d=mm&#038;r=g' srcset='https:\/\/secure.gravatar.com\/avatar\/e1c55a7fb41ec9010c953ae81d73444c9fc299756b14dbec9d082a09a270a5f3?s=80&#038;d=mm&#038;r=g 2x' class='avatar avatar-40 photo wp-block-avatar__image' height='40' width='40'  style=\"border-radius:20px;\"\/><\/div><\/div>\n\n\n\n<div class=\"wp-block-column is-layout-flow wp-block-column-is-layout-flow\"><div class=\"wp-block-comment-author-name has-small-font-size\"><a rel=\"external nofollow ugc\" href=\"https:\/\/www.behance.net\/marcinhendiger\" target=\"_self\" >Marcin Hendiger<\/a><\/div>\n\n\n<div class=\"wp-block-group is-layout-flex wp-block-group-is-layout-flex\" style=\"margin-top:0px;margin-bottom:0px\"><div class=\"wp-block-comment-date has-small-font-size\"><time datetime=\"2026-02-11T01:59:50+00:00\"><a href=\"http:\/\/www.tomaszcetner.com\/index.php\/anarchia\/#comment-5\">February 11, 2026<\/a><\/time><\/div>\n\n<\/div>\n\n\n<div class=\"wp-block-comment-content\"><p>Okulista Mistyczny &#8211; lekarz medycyny mistycznej specjalizuj\u0105cy si\u0119 w diagnostyce i leczeniu nieprawid\u0142owo\u015bci w dzia\u0142aniu symboliki oka.<\/p>\n<p>Potrafi zliczy\u0107 mrugni\u0119cia okiem i zmierzy\u0107 mgnienie oka. Sprawdzi, czy kto\u015b komu\u015b nie wpad\u0142 w oko oraz wystawi certyfikat (nie)precyzyjno\u015bci wykonywania rzeczy na oko. Zbada, czy pacjent nie ma klapek na oczach lub nie mydli komu\u015b oczu. Wykorzystuj\u0105c najnowsze metody diagnostyczne wyznaczy k\u0105t widzenia oczu dooko\u0142a g\u0142owy. Dzi\u0119ki swoim umiej\u0119tno\u015bciom i do\u015bwiadczeniu umie nawet wykre\u015bli\u0107 obraz duszy &#8211; wszak oczy s\u0105 jej zwierciad\u0142em.<\/p>\n<p>Jak na prawdziwego eksperta przysta\u0142o, na nic nie przymknie oka i nikogo nie potraktuje z przymru\u017ceniem oka. Je\u015bli nie wierzysz w\u0142asnym oczom, zg\u0142o\u015b si\u0119 natychmiast!<\/p>\n<\/div>\n\n<div class=\"wp-block-comment-reply-link has-small-font-size\"><a rel=\"nofollow\" class=\"comment-reply-link\" href=\"http:\/\/www.tomaszcetner.com\/index.php\/anarchia\/?replytocom=5#respond\" data-commentid=\"5\" data-postid=\"144\" data-belowelement=\"comment-5\" data-respondelement=\"respond\" data-replyto=\"Reply to Marcin Hendiger\" aria-label=\"Reply to Marcin Hendiger\">Reply<\/a><\/div><\/div>\n<\/div>\n\n<\/li><li id=\"comment-6\" class=\"comment even thread-even depth-1\">\n\n<div class=\"wp-block-columns is-layout-flex wp-container-core-columns-is-layout-28f84493 wp-block-columns-is-layout-flex\">\n<div class=\"wp-block-column is-layout-flow wp-block-column-is-layout-flow\" style=\"flex-basis:40px\"><div class=\"wp-block-avatar\"><img alt='Marcin Hendiger Avatar' src='https:\/\/secure.gravatar.com\/avatar\/e1c55a7fb41ec9010c953ae81d73444c9fc299756b14dbec9d082a09a270a5f3?s=40&#038;d=mm&#038;r=g' srcset='https:\/\/secure.gravatar.com\/avatar\/e1c55a7fb41ec9010c953ae81d73444c9fc299756b14dbec9d082a09a270a5f3?s=80&#038;d=mm&#038;r=g 2x' class='avatar avatar-40 photo wp-block-avatar__image' height='40' width='40'  style=\"border-radius:20px;\"\/><\/div><\/div>\n\n\n\n<div class=\"wp-block-column is-layout-flow wp-block-column-is-layout-flow\"><div class=\"wp-block-comment-author-name has-small-font-size\"><a rel=\"external nofollow ugc\" href=\"https:\/\/www.behance.net\/marcinhendiger\" target=\"_self\" >Marcin Hendiger<\/a><\/div>\n\n\n<div class=\"wp-block-group is-layout-flex wp-block-group-is-layout-flex\" style=\"margin-top:0px;margin-bottom:0px\"><div class=\"wp-block-comment-date has-small-font-size\"><time datetime=\"2026-02-11T02:14:24+00:00\"><a href=\"http:\/\/www.tomaszcetner.com\/index.php\/anarchia\/#comment-6\">February 11, 2026<\/a><\/time><\/div>\n\n<\/div>\n\n\n<div class=\"wp-block-comment-content\"><p>Nastrajacz Filmowy &#8211; przygotuje Ci\u0119 na ka\u017cd\u0105 fabu\u0142\u0119.<\/p>\n<p>Czy ka\u017cdemu z nas nie przydarzy\u0142a si\u0119 podobna sytuacja? Mamy ochot\u0119 obejrze\u0107 film. Przegl\u0105damy posiadane serwisy streamingowe (a mo\u017ce repertuar kin?) i nagle jest! Dobre oceny krytyk\u00f3w, kr\u00f3tki opis zach\u0119caj\u0105cy. Dr\u0119czy nas tylko jedna obawa: czy film nie zaskoczy nas przygn\u0119biaj\u0105cymi momentami, ci\u0119\u017ck\u0105 problematyk\u0105 lub (co najgorsze) smutnym zako\u0144czeniem? Jak si\u0119 na to przygotowa\u0107, nie poznaj\u0105c szczeg\u00f3\u0142\u00f3w fabu\u0142y? Z pomoc\u0105 przychodz\u0105 Nastrajacze Filmowi. Bez spojlowania i bez opowiadania, odpowiednio nastroj\u0105 nas na zbli\u017caj\u0105ce si\u0119 dzie\u0142o kinematografii. Dzi\u0119ki nim zawczasu przyszykujemy odpowiednie emocje i opanujemy w\u0142a\u015bciwe reakcje. Bez zbytecznego szoku i niepotrzebnego stresu.<\/p>\n<p>Ochota na obejrzenie filmu nasz\u0142a Ci\u0119 w \u015brodku nocy? To nie problem, Nastrajacze Filmowi czekaj\u0105 online pod telefonem lub komunikatorami internetowymi 24h na dob\u0119, 7 dni w tygodniu!<\/p>\n<\/div>\n\n<div class=\"wp-block-comment-reply-link has-small-font-size\"><a rel=\"nofollow\" class=\"comment-reply-link\" href=\"http:\/\/www.tomaszcetner.com\/index.php\/anarchia\/?replytocom=6#respond\" data-commentid=\"6\" data-postid=\"144\" data-belowelement=\"comment-6\" data-respondelement=\"respond\" data-replyto=\"Reply to Marcin Hendiger\" aria-label=\"Reply to Marcin Hendiger\">Reply<\/a><\/div><\/div>\n<\/div>\n\n<\/li><\/ol>\n\n\n\n\t<div id=\"respond\" class=\"comment-respond wp-block-post-comments-form\">\n\t\t<h3 id=\"reply-title\" class=\"comment-reply-title\">Leave a Reply <small><a rel=\"nofollow\" id=\"cancel-comment-reply-link\" href=\"\/index.php\/wp-json\/wp\/v2\/pages\/144#respond\" style=\"display:none;\">Cancel reply<\/a><\/small><\/h3><form action=\"http:\/\/www.tomaszcetner.com\/wp-comments-post.php\" method=\"post\" id=\"commentform\" class=\"comment-form\"><p class=\"comment-notes\"><span id=\"email-notes\">Your email address will not be published.<\/span> <span class=\"required-field-message\">Required fields are marked <span class=\"required\">*<\/span><\/span><\/p><p class=\"comment-form-comment\"><label for=\"comment\">Comment <span class=\"required\">*<\/span><\/label> <textarea id=\"comment\" name=\"comment\" cols=\"45\" rows=\"8\" maxlength=\"65525\" required><\/textarea><\/p><p class=\"comment-form-author\"><label for=\"author\">Name <span class=\"required\">*<\/span><\/label> <input id=\"author\" name=\"author\" type=\"text\" value=\"\" size=\"30\" maxlength=\"245\" autocomplete=\"name\" required \/><\/p>\n<p class=\"comment-form-email\"><label for=\"email\">Email <span class=\"required\">*<\/span><\/label> <input id=\"email\" name=\"email\" type=\"email\" value=\"\" size=\"30\" maxlength=\"100\" aria-describedby=\"email-notes\" autocomplete=\"email\" required \/><\/p>\n<p class=\"comment-form-url\"><label for=\"url\">Website<\/label> <input id=\"url\" name=\"url\" type=\"url\" value=\"\" size=\"30\" maxlength=\"200\" autocomplete=\"url\" \/><\/p>\n<p class=\"comment-form-cookies-consent\"><input id=\"wp-comment-cookies-consent\" name=\"wp-comment-cookies-consent\" type=\"checkbox\" value=\"yes\" \/> <label for=\"wp-comment-cookies-consent\">Save my name, email, and website in this browser for the next time I comment.<\/label><\/p>\n<p class=\"form-submit wp-block-button\"><input name=\"submit\" type=\"submit\" id=\"submit\" class=\"wp-block-button__link wp-element-button\" value=\"Post Comment\" \/> <input type='hidden' name='comment_post_ID' value='144' id='comment_post_ID' \/>\n<input type='hidden' name='comment_parent' id='comment_parent' value='0' \/>\n<\/p><\/form>\t<\/div><!-- #respond -->\n\t<\/div>\n\n\n\n<div class=\"wp-block-buttons is-content-justification-space-between is-layout-flex wp-container-core-buttons-is-layout-b2891da8 wp-block-buttons-is-layout-flex\">\n<div class=\"wp-block-button is-style-fill\"><a class=\"wp-block-button__link has-body-text-color has-border-background-color has-text-color has-background has-link-color wp-element-button\" href=\"https:\/\/www.tomaszcetner.com\/index.php\/modlitwa\/\">&lt;&lt; Modlitwa<\/a><\/div>\n\n\n\n<div class=\"wp-block-button\"><a class=\"wp-block-button__link has-body-text-color has-border-background-color has-text-color has-background has-link-color wp-element-button\" href=\"https:\/\/www.tomaszcetner.com\/index.php\/cykle\/\">Cykle >><\/a><\/div>\n<\/div>\n\n\n\n<p><\/p>\n","protected":false},"excerpt":{"rendered":"<p>Anarchia Projekt w budowie Stw\u00f3rzmy nowe zawody! Zawody, kt\u00f3re obal\u0105 patologiczny system t\u0142umi\u0105cy nasze cz\u0142owiecze\u0144stwo. Zawody wynikaj\u0105ce z naszych w\u0142asnych potrzeb. Nie dajmy si\u0119! Do pracy! Wielki Guru Alejandro Jodorovsky opisa\u0142 w swojej ksi\u0105\u017cce &#8220;Tam, gdzie ptak \u015bpiewa najlepiej&#8221; taki epizod z \u017cycia swojego dziadka i babci: Od tamtych wydarze\u0144 up\u0142yn\u0119\u0142o ko\u0142o 100 lat, co [&hellip;]<\/p>\n","protected":false},"author":1,"featured_media":0,"parent":0,"menu_order":0,"comment_status":"open","ping_status":"closed","template":"","meta":{"footnotes":""},"class_list":["post-144","page","type-page","status-publish","hentry"],"_links":{"self":[{"href":"http:\/\/www.tomaszcetner.com\/index.php\/wp-json\/wp\/v2\/pages\/144","targetHints":{"allow":["GET"]}}],"collection":[{"href":"http:\/\/www.tomaszcetner.com\/index.php\/wp-json\/wp\/v2\/pages"}],"about":[{"href":"http:\/\/www.tomaszcetner.com\/index.php\/wp-json\/wp\/v2\/types\/page"}],"author":[{"embeddable":true,"href":"http:\/\/www.tomaszcetner.com\/index.php\/wp-json\/wp\/v2\/users\/1"}],"replies":[{"embeddable":true,"href":"http:\/\/www.tomaszcetner.com\/index.php\/wp-json\/wp\/v2\/comments?post=144"}],"version-history":[{"count":14,"href":"http:\/\/www.tomaszcetner.com\/index.php\/wp-json\/wp\/v2\/pages\/144\/revisions"}],"predecessor-version":[{"id":528,"href":"http:\/\/www.tomaszcetner.com\/index.php\/wp-json\/wp\/v2\/pages\/144\/revisions\/528"}],"wp:attachment":[{"href":"http:\/\/www.tomaszcetner.com\/index.php\/wp-json\/wp\/v2\/media?parent=144"}],"curies":[{"name":"wp","href":"https:\/\/api.w.org\/{rel}","templated":true}]}}