{"id":2,"date":"2025-10-01T12:27:22","date_gmt":"2025-10-01T12:27:22","guid":{"rendered":"http:\/\/nsdoihq.cluster021.hosting.ovh.net\/?page_id=2"},"modified":"2026-02-25T13:18:52","modified_gmt":"2026-02-25T13:18:52","slug":"o-mnie","status":"publish","type":"page","link":"http:\/\/www.tomaszcetner.com\/index.php\/o-mnie\/","title":{"rendered":"O mnie"},"content":{"rendered":"\n<p><span class=\"has-superb-addons-text-align-justify\">Projekty bior\u0105 si\u0119 z \u017cycia, czasem powstaj\u0105 spontanicznie pod wp\u0142ywem chwili, czasem wymagaj\u0105 czasu, aby w\u0105tki, kt\u00f3re kr\u0105\u017c\u0105 miesi\u0105cami po g\u0142owie po\u0142\u0105czy\u0142y si\u0119 w intryguj\u0105c\u0105 ca\u0142o\u015b\u0107. Cz\u0119sto potrzeba te\u017c d\u0142ugich miesi\u0119cy, aby u\u0142o\u017cy\u0107 kr\u00f3tki opis&#8230;<\/span><\/p>\n\n\n\n<p><span class=\"has-superb-addons-text-align-justify\">Wszytskie zdj\u0119cia powsta\u0142y analogowo na kliszy fotograficznej, odbitki zosta\u0142y wykonane w ciemni fotograficznej w czasoch\u0142onnym procesie edycyjnym. Na stronie pokazane s\u0105 zdj\u0119cia tych odbitek, wykonane telefonem.<\/span><\/p>\n\n\n\n<p><span class=\"has-superb-addons-text-align-justify\">Projekty powsta\u0142y w ramach zaj\u0119\u0107 z fotografii analogowej warszawskiego Domu Kultury \u015ar\u00f3dmie\u015bcie, w towarzystwie i przy udziale os\u00f3b tam ucz\u0119szczaj\u0105cych.<\/span><\/p>\n\n\n\n<p class=\"has-text-align-center\">tomasz@tomaszcetner.com<\/p>\n\n\n\n<div class=\"wp-block-buttons is-content-justification-space-between is-layout-flex wp-container-core-buttons-is-layout-b2891da8 wp-block-buttons-is-layout-flex\">\n<div class=\"wp-block-button is-style-fill\"><a class=\"wp-block-button__link has-body-text-color has-border-background-color has-text-color has-background has-link-color wp-element-button\" href=\"https:\/\/www.tomaszcetner.com\/index.php\/cykle\/\">&lt;&lt; Cykle<\/a><\/div>\n\n\n\n<div class=\"wp-block-button\"><a class=\"wp-block-button__link has-body-text-color has-border-background-color has-text-color has-background has-link-color wp-element-button\" href=\"https:\/\/www.tomaszcetner.com\/\">G\u0142\u00f3wna &gt;&gt;<\/a><\/div>\n<\/div>\n\n\n\n<p><\/p>\n","protected":false},"excerpt":{"rendered":"<p>Projekty bior\u0105 si\u0119 z \u017cycia, czasem powstaj\u0105 spontanicznie pod wp\u0142ywem chwili, czasem wymagaj\u0105 czasu, aby w\u0105tki, kt\u00f3re kr\u0105\u017c\u0105 miesi\u0105cami po g\u0142owie po\u0142\u0105czy\u0142y si\u0119 w intryguj\u0105c\u0105 ca\u0142o\u015b\u0107. Cz\u0119sto potrzeba te\u017c d\u0142ugich miesi\u0119cy, aby u\u0142o\u017cy\u0107 kr\u00f3tki opis&#8230; Wszytskie zdj\u0119cia powsta\u0142y analogowo na kliszy fotograficznej, odbitki zosta\u0142y wykonane w ciemni fotograficznej w czasoch\u0142onnym procesie edycyjnym. Na stronie pokazane [&hellip;]<\/p>\n","protected":false},"author":1,"featured_media":0,"parent":0,"menu_order":0,"comment_status":"closed","ping_status":"closed","template":"","meta":{"footnotes":""},"class_list":["post-2","page","type-page","status-publish","hentry"],"_links":{"self":[{"href":"http:\/\/www.tomaszcetner.com\/index.php\/wp-json\/wp\/v2\/pages\/2","targetHints":{"allow":["GET"]}}],"collection":[{"href":"http:\/\/www.tomaszcetner.com\/index.php\/wp-json\/wp\/v2\/pages"}],"about":[{"href":"http:\/\/www.tomaszcetner.com\/index.php\/wp-json\/wp\/v2\/types\/page"}],"author":[{"embeddable":true,"href":"http:\/\/www.tomaszcetner.com\/index.php\/wp-json\/wp\/v2\/users\/1"}],"replies":[{"embeddable":true,"href":"http:\/\/www.tomaszcetner.com\/index.php\/wp-json\/wp\/v2\/comments?post=2"}],"version-history":[{"count":11,"href":"http:\/\/www.tomaszcetner.com\/index.php\/wp-json\/wp\/v2\/pages\/2\/revisions"}],"predecessor-version":[{"id":534,"href":"http:\/\/www.tomaszcetner.com\/index.php\/wp-json\/wp\/v2\/pages\/2\/revisions\/534"}],"wp:attachment":[{"href":"http:\/\/www.tomaszcetner.com\/index.php\/wp-json\/wp\/v2\/media?parent=2"}],"curies":[{"name":"wp","href":"https:\/\/api.w.org\/{rel}","templated":true}]}}