{"id":22,"date":"2025-10-29T16:44:32","date_gmt":"2025-10-29T16:44:32","guid":{"rendered":"http:\/\/nsdoihq.cluster021.hosting.ovh.net\/?page_id=22"},"modified":"2025-11-29T21:39:23","modified_gmt":"2025-11-29T21:39:23","slug":"pozegnanie","status":"publish","type":"page","link":"http:\/\/www.tomaszcetner.com\/index.php\/pozegnanie\/","title":{"rendered":"Po\u017cegnanie"},"content":{"rendered":"\n<h3 class=\"wp-block-heading has-text-align-center\">Po\u017cegnanie<\/h3>\n\n\n<style type=\"text\/css\">\n#foogallery-gallery-456 .fg-image { width: 160px; }\n#foogallery-gallery-456 { --fg-gutter: 10px; }<\/style>\n\t\t\t<div class=\"foogallery foogallery-container foogallery-default foogallery-lightbox-foogallery fg-center fg-default fg-ready fg-light fg-border-thin fg-shadow-medium fg-loading-default fg-loaded-fade-in fg-preset fg-brad fg-preset-small fg-preset fg-brad fg-preset-small\" id=\"foogallery-gallery-456\" data-foogallery=\"{&quot;item&quot;:{&quot;showCaptionTitle&quot;:true,&quot;showCaptionDescription&quot;:true},&quot;lazy&quot;:true}\" data-foogallery-lightbox=\"{&quot;theme&quot;:&quot;fg-dark&quot;,&quot;thumbs&quot;:&quot;none&quot;,&quot;info&quot;:false,&quot;infoAlign&quot;:&quot;default&quot;,&quot;transition&quot;:&quot;fade&quot;,&quot;hoverButtons&quot;:false,&quot;fitMedia&quot;:false,&quot;noScrollbars&quot;:true,&quot;preserveButtonSpace&quot;:true,&quot;buttons&quot;:{&quot;fullscreen&quot;:true,&quot;info&quot;:false,&quot;thumbs&quot;:false},&quot;video&quot;:{&quot;autoPlay&quot;:true}}\" style=\"--fg-title-line-clamp: 0; --fg-description-line-clamp: 0;\" >\n\t<div class=\"fg-item fg-type-image fg-idle\"><figure class=\"fg-item-inner\"><a href=\"http:\/\/www.tomaszcetner.com\/wp-content\/uploads\/2025\/11\/PXL_20251029_162313128.PORTRAIT.ORIGINAL2-scaled.jpg\" data-attachment-id=\"457\" data-type=\"image\" class=\"fg-thumb\"><span class=\"fg-image-wrap\"><img decoding=\"async\" width=\"160\" height=\"240\" class=\"skip-lazy fg-image\" data-src-fg=\"http:\/\/www.tomaszcetner.com\/wp-content\/uploads\/cache\/2025\/11\/PXL_20251029_162313128_PORTRAIT_ORIGINAL2-scaled\/3787482133.jpg\" src=\"data:image\/svg+xml,%3Csvg%20xmlns%3D%22http%3A%2F%2Fwww.w3.org%2F2000%2Fsvg%22%20width%3D%22160%22%20height%3D%22240%22%20viewBox%3D%220%200%20160%20240%22%3E%3C%2Fsvg%3E\" loading=\"eager\"><\/span><span class=\"fg-image-overlay\"><\/span><\/a><\/figure><div class=\"fg-loader\"><\/div><\/div><div class=\"fg-item fg-type-image fg-idle\"><figure class=\"fg-item-inner\"><a href=\"http:\/\/www.tomaszcetner.com\/wp-content\/uploads\/2025\/11\/PXL_20251029_162325323.PORTRAIT.ORIGINAL2-scaled.jpg\" data-attachment-id=\"458\" data-type=\"image\" class=\"fg-thumb\"><span class=\"fg-image-wrap\"><img decoding=\"async\" width=\"160\" height=\"240\" class=\"skip-lazy fg-image\" data-src-fg=\"http:\/\/www.tomaszcetner.com\/wp-content\/uploads\/cache\/2025\/11\/PXL_20251029_162325323_PORTRAIT_ORIGINAL2-scaled\/3430100640.jpg\" src=\"data:image\/svg+xml,%3Csvg%20xmlns%3D%22http%3A%2F%2Fwww.w3.org%2F2000%2Fsvg%22%20width%3D%22160%22%20height%3D%22240%22%20viewBox%3D%220%200%20160%20240%22%3E%3C%2Fsvg%3E\" loading=\"eager\"><\/span><span class=\"fg-image-overlay\"><\/span><\/a><\/figure><div class=\"fg-loader\"><\/div><\/div><div class=\"fg-item fg-type-image fg-idle\"><figure class=\"fg-item-inner\"><a href=\"http:\/\/www.tomaszcetner.com\/wp-content\/uploads\/2025\/11\/PXL_20251029_162338914.PORTRAIT.ORIGINAL2-scaled.jpg\" data-attachment-id=\"459\" data-type=\"image\" class=\"fg-thumb\"><span class=\"fg-image-wrap\"><img decoding=\"async\" width=\"160\" height=\"240\" class=\"skip-lazy fg-image\" data-src-fg=\"http:\/\/www.tomaszcetner.com\/wp-content\/uploads\/cache\/2025\/11\/PXL_20251029_162338914_PORTRAIT_ORIGINAL2-scaled\/144000664.jpg\" src=\"data:image\/svg+xml,%3Csvg%20xmlns%3D%22http%3A%2F%2Fwww.w3.org%2F2000%2Fsvg%22%20width%3D%22160%22%20height%3D%22240%22%20viewBox%3D%220%200%20160%20240%22%3E%3C%2Fsvg%3E\" loading=\"eager\"><\/span><span class=\"fg-image-overlay\"><\/span><\/a><\/figure><div class=\"fg-loader\"><\/div><\/div><\/div>\n\n\n\n<h4 class=\"wp-block-heading has-text-align-center\">Jak zniszczy\u0142em co\u015b pi\u0119knego i uwolni\u0142em cz\u0119\u015b\u0107 siebie<\/h4>\n\n\n\n<div style=\"height:60px\" aria-hidden=\"true\" class=\"wp-block-spacer\"><\/div>\n\n\n\n<div class=\"wp-block-buttons is-content-justification-space-between is-layout-flex wp-container-core-buttons-is-layout-b2891da8 wp-block-buttons-is-layout-flex\">\n<div class=\"wp-block-button is-style-fill\"><a class=\"wp-block-button__link has-body-text-color has-border-background-color has-text-color has-background has-link-color wp-element-button\" href=\"https:\/\/www.tomaszcetner.com\/\">&lt;&lt; G\u0142\u00f3wna<\/a><\/div>\n\n\n\n<div class=\"wp-block-button\"><a class=\"wp-block-button__link has-body-text-color has-border-background-color has-text-color has-background has-link-color wp-element-button\" href=\"https:\/\/www.tomaszcetner.com\/index.php\/dolina\/\">Dolina &gt;&gt;<\/a><\/div>\n<\/div>\n\n\n\n<p><\/p>\n","protected":false},"excerpt":{"rendered":"<p>Po\u017cegnanie Jak zniszczy\u0142em co\u015b pi\u0119knego i uwolni\u0142em cz\u0119\u015b\u0107 siebie<\/p>\n","protected":false},"author":1,"featured_media":0,"parent":0,"menu_order":0,"comment_status":"closed","ping_status":"closed","template":"","meta":{"footnotes":""},"class_list":["post-22","page","type-page","status-publish","hentry"],"_links":{"self":[{"href":"http:\/\/www.tomaszcetner.com\/index.php\/wp-json\/wp\/v2\/pages\/22","targetHints":{"allow":["GET"]}}],"collection":[{"href":"http:\/\/www.tomaszcetner.com\/index.php\/wp-json\/wp\/v2\/pages"}],"about":[{"href":"http:\/\/www.tomaszcetner.com\/index.php\/wp-json\/wp\/v2\/types\/page"}],"author":[{"embeddable":true,"href":"http:\/\/www.tomaszcetner.com\/index.php\/wp-json\/wp\/v2\/users\/1"}],"replies":[{"embeddable":true,"href":"http:\/\/www.tomaszcetner.com\/index.php\/wp-json\/wp\/v2\/comments?post=22"}],"version-history":[{"count":38,"href":"http:\/\/www.tomaszcetner.com\/index.php\/wp-json\/wp\/v2\/pages\/22\/revisions"}],"predecessor-version":[{"id":498,"href":"http:\/\/www.tomaszcetner.com\/index.php\/wp-json\/wp\/v2\/pages\/22\/revisions\/498"}],"wp:attachment":[{"href":"http:\/\/www.tomaszcetner.com\/index.php\/wp-json\/wp\/v2\/media?parent=22"}],"curies":[{"name":"wp","href":"https:\/\/api.w.org\/{rel}","templated":true}]}}