{"id":523,"date":"2026-02-25T13:07:40","date_gmt":"2026-02-25T13:07:40","guid":{"rendered":"https:\/\/www.tomaszcetner.com\/?page_id=523"},"modified":"2026-03-03T10:35:44","modified_gmt":"2026-03-03T10:35:44","slug":"cykle","status":"publish","type":"page","link":"http:\/\/www.tomaszcetner.com\/index.php\/cykle\/","title":{"rendered":"Cykle"},"content":{"rendered":"\n<hr class=\"wp-block-separator has-alpha-channel-opacity\"\/>\n\n\n\n<h4 class=\"wp-block-heading has-text-align-center\">Rze\u017aby z Domu Kultury<\/h4>\n\n\n<style type=\"text\/css\">\n#foogallery-gallery-536 .fg-image { width: 270px; }\n#foogallery-gallery-536 { --fg-gutter: 10px; }<\/style>\n\t\t\t<div class=\"foogallery foogallery-container foogallery-default foogallery-lightbox-foogallery fg-center fg-default fg-ready fg-light fg-shadow-medium fg-loading-default fg-loaded-fade-in\" id=\"foogallery-gallery-536\" data-foogallery=\"{&quot;item&quot;:{&quot;showCaptionTitle&quot;:true,&quot;showCaptionDescription&quot;:true},&quot;lazy&quot;:true}\" data-foogallery-lightbox=\"{&quot;theme&quot;:&quot;fg-dark&quot;,&quot;thumbs&quot;:&quot;bottom&quot;,&quot;thumbsCaptions&quot;:false,&quot;thumbsBestFit&quot;:false,&quot;thumbsSmall&quot;:false,&quot;thumbsCaptionsAlign&quot;:&quot;default&quot;,&quot;info&quot;:&quot;bottom&quot;,&quot;infoVisible&quot;:true,&quot;infoOverlay&quot;:true,&quot;infoAlign&quot;:&quot;default&quot;,&quot;infoAutoHide&quot;:false,&quot;transition&quot;:&quot;fade&quot;,&quot;hoverButtons&quot;:false,&quot;fitMedia&quot;:false,&quot;noScrollbars&quot;:true,&quot;preserveButtonSpace&quot;:true,&quot;buttons&quot;:{&quot;fullscreen&quot;:true,&quot;info&quot;:true,&quot;thumbs&quot;:false},&quot;video&quot;:{&quot;autoPlay&quot;:true}}\" style=\"--fg-title-line-clamp: 1; --fg-description-line-clamp: 2;\" >\n\t<div class=\"fg-item fg-type-image fg-idle\"><figure class=\"fg-item-inner\"><a href=\"http:\/\/www.tomaszcetner.com\/wp-content\/uploads\/2026\/03\/1000039285-scaled.jpg\" data-attachment-id=\"537\" data-type=\"image\" class=\"fg-thumb\"><span class=\"fg-image-wrap\"><img fetchpriority=\"high\" decoding=\"async\" width=\"270\" height=\"230\" class=\"skip-lazy fg-image\" data-src-fg=\"http:\/\/www.tomaszcetner.com\/wp-content\/uploads\/cache\/2026\/03\/1000039285-scaled\/2058969617.jpg\" src=\"data:image\/svg+xml,%3Csvg%20xmlns%3D%22http%3A%2F%2Fwww.w3.org%2F2000%2Fsvg%22%20width%3D%22270%22%20height%3D%22230%22%20viewBox%3D%220%200%20270%20230%22%3E%3C%2Fsvg%3E\" loading=\"eager\"><\/span><span class=\"fg-image-overlay\"><\/span><\/a><\/figure><div class=\"fg-loader\"><\/div><\/div><div class=\"fg-item fg-type-image fg-idle\"><figure class=\"fg-item-inner\"><a href=\"http:\/\/www.tomaszcetner.com\/wp-content\/uploads\/2026\/03\/1000039287-scaled.jpg\" data-caption-title=\"rze\u017aba: Katarzyna Grabara\" data-attachment-id=\"538\" data-type=\"image\" class=\"fg-thumb\"><span class=\"fg-image-wrap\"><img decoding=\"async\" title=\"rze\u017aba: Katarzyna Grabara\" width=\"270\" height=\"230\" class=\"skip-lazy fg-image\" data-src-fg=\"http:\/\/www.tomaszcetner.com\/wp-content\/uploads\/cache\/2026\/03\/1000039287-scaled\/2689879327.jpg\" src=\"data:image\/svg+xml,%3Csvg%20xmlns%3D%22http%3A%2F%2Fwww.w3.org%2F2000%2Fsvg%22%20width%3D%22270%22%20height%3D%22230%22%20viewBox%3D%220%200%20270%20230%22%3E%3C%2Fsvg%3E\" loading=\"eager\"><\/span><span class=\"fg-image-overlay\"><\/span><\/a><figcaption class=\"fg-caption\"><div class=\"fg-caption-inner\"><div class=\"fg-caption-title\">rze\u017aba: Katarzyna Grabara<\/div><\/div><\/figcaption><\/figure><div class=\"fg-loader\"><\/div><\/div><div class=\"fg-item fg-type-image fg-idle\"><figure class=\"fg-item-inner\"><a href=\"http:\/\/www.tomaszcetner.com\/wp-content\/uploads\/2026\/03\/1000039286-scaled.jpg\" data-caption-title=\"rze\u017aba: Marcin Iwan\" data-attachment-id=\"539\" data-type=\"image\" class=\"fg-thumb\"><span class=\"fg-image-wrap\"><img decoding=\"async\" title=\"rze\u017aba: Marcin Iwan\" width=\"270\" height=\"230\" class=\"skip-lazy fg-image\" data-src-fg=\"http:\/\/www.tomaszcetner.com\/wp-content\/uploads\/cache\/2026\/03\/1000039286-scaled\/2112569427.jpg\" src=\"data:image\/svg+xml,%3Csvg%20xmlns%3D%22http%3A%2F%2Fwww.w3.org%2F2000%2Fsvg%22%20width%3D%22270%22%20height%3D%22230%22%20viewBox%3D%220%200%20270%20230%22%3E%3C%2Fsvg%3E\" loading=\"eager\"><\/span><span class=\"fg-image-overlay\"><\/span><\/a><figcaption class=\"fg-caption\"><div class=\"fg-caption-inner\"><div class=\"fg-caption-title\">rze\u017aba: Marcin Iwan<\/div><\/div><\/figcaption><\/figure><div class=\"fg-loader\"><\/div><\/div><div class=\"fg-item fg-type-image fg-idle\"><figure class=\"fg-item-inner\"><a href=\"http:\/\/www.tomaszcetner.com\/wp-content\/uploads\/2026\/03\/1000039284-scaled.jpg\" data-caption-title=\"rze\u017aba: Grzegorz Rejniak, fotografia: Marcin Nowosielski\" data-attachment-id=\"540\" data-type=\"image\" class=\"fg-thumb\"><span class=\"fg-image-wrap\"><img decoding=\"async\" title=\"rze\u017aba: Grzegorz Rejniak, fotografia: Marcin Nowosielski\" width=\"270\" height=\"230\" class=\"skip-lazy fg-image\" data-src-fg=\"http:\/\/www.tomaszcetner.com\/wp-content\/uploads\/cache\/2026\/03\/1000039284-scaled\/2103672306.jpg\" src=\"data:image\/svg+xml,%3Csvg%20xmlns%3D%22http%3A%2F%2Fwww.w3.org%2F2000%2Fsvg%22%20width%3D%22270%22%20height%3D%22230%22%20viewBox%3D%220%200%20270%20230%22%3E%3C%2Fsvg%3E\" loading=\"eager\"><\/span><span class=\"fg-image-overlay\"><\/span><\/a><figcaption class=\"fg-caption\"><div class=\"fg-caption-inner\"><div class=\"fg-caption-title\">rze\u017aba: Grzegorz Rejniak, fotografia: Marcin Nowosielski<\/div><\/div><\/figcaption><\/figure><div class=\"fg-loader\"><\/div><\/div><div class=\"fg-item fg-type-image fg-idle\"><figure class=\"fg-item-inner\"><a href=\"http:\/\/www.tomaszcetner.com\/wp-content\/uploads\/2026\/03\/1000039291-scaled.jpg\" data-attachment-id=\"541\" data-type=\"image\" class=\"fg-thumb\"><span class=\"fg-image-wrap\"><img decoding=\"async\" width=\"270\" height=\"230\" class=\"skip-lazy fg-image\" data-src-fg=\"http:\/\/www.tomaszcetner.com\/wp-content\/uploads\/cache\/2026\/03\/1000039291-scaled\/2227733580.jpg\" src=\"data:image\/svg+xml,%3Csvg%20xmlns%3D%22http%3A%2F%2Fwww.w3.org%2F2000%2Fsvg%22%20width%3D%22270%22%20height%3D%22230%22%20viewBox%3D%220%200%20270%20230%22%3E%3C%2Fsvg%3E\" loading=\"eager\"><\/span><span class=\"fg-image-overlay\"><\/span><\/a><\/figure><div class=\"fg-loader\"><\/div><\/div><div class=\"fg-item fg-type-image fg-idle\"><figure class=\"fg-item-inner\"><a href=\"http:\/\/www.tomaszcetner.com\/wp-content\/uploads\/2026\/03\/1000039288.jpg\" data-attachment-id=\"542\" data-type=\"image\" class=\"fg-thumb\"><span class=\"fg-image-wrap\"><img decoding=\"async\" width=\"270\" height=\"230\" class=\"skip-lazy fg-image\" data-src-fg=\"http:\/\/www.tomaszcetner.com\/wp-content\/uploads\/cache\/2026\/03\/1000039288\/2109933355.jpg\" src=\"data:image\/svg+xml,%3Csvg%20xmlns%3D%22http%3A%2F%2Fwww.w3.org%2F2000%2Fsvg%22%20width%3D%22270%22%20height%3D%22230%22%20viewBox%3D%220%200%20270%20230%22%3E%3C%2Fsvg%3E\" loading=\"eager\"><\/span><span class=\"fg-image-overlay\"><\/span><\/a><\/figure><div class=\"fg-loader\"><\/div><\/div><\/div>\n\n\n\n<p>Rze\u017aby z gliny wykonane spontanicznie przez amator\u00f3w fotografii analogowej. Utrwalone na b\u0142onie \u015bwiat\u0142oczu\u0142ej bez u\u017cycia wysokiej temperatury.<\/p>\n\n\n\n<hr class=\"wp-block-separator has-alpha-channel-opacity\"\/>\n\n\n\n<h4 class=\"wp-block-heading has-text-align-center\">Z m\u0142odo\u015bci Hansa Castorpa<\/h4>\n\n\n\n<hr class=\"wp-block-separator has-alpha-channel-opacity\"\/>\n\n\n\n<div class=\"wp-block-buttons is-content-justification-space-between is-layout-flex wp-container-core-buttons-is-layout-b2891da8 wp-block-buttons-is-layout-flex\">\n<div class=\"wp-block-button is-style-fill\"><a class=\"wp-block-button__link has-body-text-color has-border-background-color has-text-color has-background has-link-color wp-element-button\" href=\"https:\/\/www.tomaszcetner.com\/index.php\/anarchia\/\">&lt;&lt; Anarchia<\/a><\/div>\n\n\n\n<div class=\"wp-block-button\"><a class=\"wp-block-button__link has-body-text-color has-border-background-color has-text-color has-background has-link-color wp-element-button\" href=\"https:\/\/www.tomaszcetner.com\/index.php\/o-mnie\/\">O mnie &gt;&gt;<\/a><\/div>\n<\/div>\n\n\n\n<p><\/p>\n","protected":false},"excerpt":{"rendered":"<p>Rze\u017aby z Domu Kultury Rze\u017aby z gliny wykonane spontanicznie przez amator\u00f3w fotografii analogowej. Utrwalone na b\u0142onie \u015bwiat\u0142oczu\u0142ej bez u\u017cycia wysokiej temperatury. Z m\u0142odo\u015bci Hansa Castorpa<\/p>\n","protected":false},"author":1,"featured_media":0,"parent":0,"menu_order":0,"comment_status":"closed","ping_status":"closed","template":"","meta":{"footnotes":""},"class_list":["post-523","page","type-page","status-publish","hentry"],"_links":{"self":[{"href":"http:\/\/www.tomaszcetner.com\/index.php\/wp-json\/wp\/v2\/pages\/523","targetHints":{"allow":["GET"]}}],"collection":[{"href":"http:\/\/www.tomaszcetner.com\/index.php\/wp-json\/wp\/v2\/pages"}],"about":[{"href":"http:\/\/www.tomaszcetner.com\/index.php\/wp-json\/wp\/v2\/types\/page"}],"author":[{"embeddable":true,"href":"http:\/\/www.tomaszcetner.com\/index.php\/wp-json\/wp\/v2\/users\/1"}],"replies":[{"embeddable":true,"href":"http:\/\/www.tomaszcetner.com\/index.php\/wp-json\/wp\/v2\/comments?post=523"}],"version-history":[{"count":9,"href":"http:\/\/www.tomaszcetner.com\/index.php\/wp-json\/wp\/v2\/pages\/523\/revisions"}],"predecessor-version":[{"id":545,"href":"http:\/\/www.tomaszcetner.com\/index.php\/wp-json\/wp\/v2\/pages\/523\/revisions\/545"}],"wp:attachment":[{"href":"http:\/\/www.tomaszcetner.com\/index.php\/wp-json\/wp\/v2\/media?parent=523"}],"curies":[{"name":"wp","href":"https:\/\/api.w.org\/{rel}","templated":true}]}}