{"id":28,"date":"2025-10-29T16:59:29","date_gmt":"2025-10-29T16:59:29","guid":{"rendered":"http:\/\/nsdoihq.cluster021.hosting.ovh.net\/index.php\/silverstorm\/"},"modified":"2026-03-05T11:00:49","modified_gmt":"2026-03-05T11:00:49","slug":"silverstorm","status":"publish","type":"page","link":"https:\/\/www.tomaszcetner.com\/","title":{"rendered":"G\u0142\u00f3wna"},"content":{"rendered":"\n<p>Fotografia to nie tylko obrazy \u2013 to my\u015bli i emocje, kt\u00f3re prowadz\u0105 do jej powstania.<\/p>\n\n\n\n<div class=\"wp-block-cover\"><img loading=\"lazy\" decoding=\"async\" width=\"734\" height=\"1024\" class=\"wp-block-cover__image-background wp-image-243 size-large\" alt=\"\" src=\"http:\/\/nsdoihq.cluster021.hosting.ovh.net\/wp-content\/uploads\/2025\/10\/PXL_20251029_162338914.PORTRAIT.ORIGINAL2-2-734x1024.jpg\" data-object-fit=\"cover\" srcset=\"https:\/\/www.tomaszcetner.com\/wp-content\/uploads\/2025\/10\/PXL_20251029_162338914.PORTRAIT.ORIGINAL2-2-734x1024.jpg 734w, https:\/\/www.tomaszcetner.com\/wp-content\/uploads\/2025\/10\/PXL_20251029_162338914.PORTRAIT.ORIGINAL2-2-215x300.jpg 215w, https:\/\/www.tomaszcetner.com\/wp-content\/uploads\/2025\/10\/PXL_20251029_162338914.PORTRAIT.ORIGINAL2-2-768x1072.jpg 768w, https:\/\/www.tomaszcetner.com\/wp-content\/uploads\/2025\/10\/PXL_20251029_162338914.PORTRAIT.ORIGINAL2-2-1100x1536.jpg 1100w, https:\/\/www.tomaszcetner.com\/wp-content\/uploads\/2025\/10\/PXL_20251029_162338914.PORTRAIT.ORIGINAL2-2-1467x2048.jpg 1467w, https:\/\/www.tomaszcetner.com\/wp-content\/uploads\/2025\/10\/PXL_20251029_162338914.PORTRAIT.ORIGINAL2-2-scaled.jpg 1834w\" sizes=\"auto, (max-width: 734px) 100vw, 734px\" \/><span aria-hidden=\"true\" class=\"wp-block-cover__background has-background-dim\" style=\"background-color:#6b655c\"><\/span><div class=\"wp-block-cover__inner-container is-layout-constrained wp-block-cover-is-layout-constrained\">\n<p class=\"has-text-align-center has-large-font-size\"><a href=\"http:\/\/www.tomaszcetner.com\/index.php\/pozegnanie\/\" data-type=\"page\" data-id=\"22\">Po\u017cegnanie<\/a><\/p>\n<\/div><\/div>\n\n\n\n<div class=\"wp-block-cover wp-duotone-unset-1\"><img loading=\"lazy\" decoding=\"async\" width=\"698\" height=\"1024\" class=\"wp-block-cover__image-background wp-image-235 size-large\" alt=\"\" src=\"http:\/\/nsdoihq.cluster021.hosting.ovh.net\/wp-content\/uploads\/2025\/10\/PXL_20251030_155305909.PORTRAIT.ORIGINAL2-698x1024.jpg\" data-object-fit=\"cover\" srcset=\"https:\/\/www.tomaszcetner.com\/wp-content\/uploads\/2025\/10\/PXL_20251030_155305909.PORTRAIT.ORIGINAL2-698x1024.jpg 698w, https:\/\/www.tomaszcetner.com\/wp-content\/uploads\/2025\/10\/PXL_20251030_155305909.PORTRAIT.ORIGINAL2-204x300.jpg 204w, https:\/\/www.tomaszcetner.com\/wp-content\/uploads\/2025\/10\/PXL_20251030_155305909.PORTRAIT.ORIGINAL2-768x1127.jpg 768w, https:\/\/www.tomaszcetner.com\/wp-content\/uploads\/2025\/10\/PXL_20251030_155305909.PORTRAIT.ORIGINAL2-1046x1536.jpg 1046w, https:\/\/www.tomaszcetner.com\/wp-content\/uploads\/2025\/10\/PXL_20251030_155305909.PORTRAIT.ORIGINAL2-1395x2048.jpg 1395w, https:\/\/www.tomaszcetner.com\/wp-content\/uploads\/2025\/10\/PXL_20251030_155305909.PORTRAIT.ORIGINAL2-scaled.jpg 1744w\" sizes=\"auto, (max-width: 698px) 100vw, 698px\" \/><span aria-hidden=\"true\" class=\"wp-block-cover__background has-background-dim\" style=\"background-color:#444039\"><\/span><div class=\"wp-block-cover__inner-container is-layout-constrained wp-block-cover-is-layout-constrained\">\n<p class=\"has-text-align-center has-large-font-size\"><a href=\"http:\/\/www.tomaszcetner.com\/index.php\/dolina\/\" data-type=\"page\" data-id=\"139\">Dolina<\/a><\/p>\n<\/div><\/div>\n\n\n\n<div class=\"wp-block-cover\"><img loading=\"lazy\" decoding=\"async\" width=\"1024\" height=\"674\" class=\"wp-block-cover__image-background wp-image-283 size-large\" alt=\"\" src=\"http:\/\/nsdoihq.cluster021.hosting.ovh.net\/wp-content\/uploads\/2025\/11\/PXL_20250512_1739052352-1024x674.jpg\" data-object-fit=\"cover\" srcset=\"https:\/\/www.tomaszcetner.com\/wp-content\/uploads\/2025\/11\/PXL_20250512_1739052352-1024x674.jpg 1024w, https:\/\/www.tomaszcetner.com\/wp-content\/uploads\/2025\/11\/PXL_20250512_1739052352-300x197.jpg 300w, https:\/\/www.tomaszcetner.com\/wp-content\/uploads\/2025\/11\/PXL_20250512_1739052352-768x505.jpg 768w, https:\/\/www.tomaszcetner.com\/wp-content\/uploads\/2025\/11\/PXL_20250512_1739052352-1536x1011.jpg 1536w, https:\/\/www.tomaszcetner.com\/wp-content\/uploads\/2025\/11\/PXL_20250512_1739052352-2048x1348.jpg 2048w\" sizes=\"auto, (max-width: 1024px) 100vw, 1024px\" \/><span aria-hidden=\"true\" class=\"wp-block-cover__background has-background-dim\" style=\"background-color:#645f56\"><\/span><div class=\"wp-block-cover__inner-container is-layout-constrained wp-block-cover-is-layout-constrained\">\n<p class=\"has-text-align-center has-large-font-size\"><a href=\"http:\/\/www.tomaszcetner.com\/index.php\/modlitwa\/\" data-type=\"page\" data-id=\"142\">Modlitwa<\/a><\/p>\n<\/div><\/div>\n\n\n\n<div class=\"wp-block-cover\" style=\"padding-top:0;padding-bottom:0\"><img loading=\"lazy\" decoding=\"async\" width=\"1024\" height=\"625\" class=\"wp-block-cover__image-background wp-image-289 size-large\" alt=\"\" src=\"http:\/\/nsdoihq.cluster021.hosting.ovh.net\/wp-content\/uploads\/2025\/11\/PXL_20251027_1641365713-1024x625.jpg\" data-object-fit=\"cover\" srcset=\"https:\/\/www.tomaszcetner.com\/wp-content\/uploads\/2025\/11\/PXL_20251027_1641365713-1024x625.jpg 1024w, https:\/\/www.tomaszcetner.com\/wp-content\/uploads\/2025\/11\/PXL_20251027_1641365713-300x183.jpg 300w, https:\/\/www.tomaszcetner.com\/wp-content\/uploads\/2025\/11\/PXL_20251027_1641365713-768x469.jpg 768w, https:\/\/www.tomaszcetner.com\/wp-content\/uploads\/2025\/11\/PXL_20251027_1641365713.jpg 1162w\" sizes=\"auto, (max-width: 1024px) 100vw, 1024px\" \/><span aria-hidden=\"true\" class=\"wp-block-cover__background has-background-dim\" style=\"background-color:#615b58\"><\/span><div class=\"wp-block-cover__inner-container is-layout-constrained wp-block-cover-is-layout-constrained\">\n<p class=\"has-text-align-center has-large-font-size\"><a href=\"https:\/\/www.tomaszcetner.com\/index.php\/anarchia\/\" data-type=\"page\" data-id=\"144\">Anarchia<\/a><\/p>\n<\/div><\/div>\n\n\n\n<div class=\"wp-block-cover\"><img loading=\"lazy\" decoding=\"async\" width=\"669\" height=\"1024\" class=\"wp-block-cover__image-background wp-image-549 size-large\" alt=\"\" src=\"https:\/\/www.tomaszcetner.com\/wp-content\/uploads\/2026\/03\/1000039285-scaled-1-669x1024.jpg\" data-object-fit=\"cover\" srcset=\"https:\/\/www.tomaszcetner.com\/wp-content\/uploads\/2026\/03\/1000039285-scaled-1-669x1024.jpg 669w, https:\/\/www.tomaszcetner.com\/wp-content\/uploads\/2026\/03\/1000039285-scaled-1-196x300.jpg 196w, https:\/\/www.tomaszcetner.com\/wp-content\/uploads\/2026\/03\/1000039285-scaled-1-768x1175.jpg 768w, https:\/\/www.tomaszcetner.com\/wp-content\/uploads\/2026\/03\/1000039285-scaled-1-1004x1536.jpg 1004w, https:\/\/www.tomaszcetner.com\/wp-content\/uploads\/2026\/03\/1000039285-scaled-1-1338x2048.jpg 1338w, https:\/\/www.tomaszcetner.com\/wp-content\/uploads\/2026\/03\/1000039285-scaled-1.jpg 1673w\" sizes=\"auto, (max-width: 669px) 100vw, 669px\" \/><span aria-hidden=\"true\" class=\"wp-block-cover__background has-background-dim\" style=\"background-color:#3e3e3e\"><\/span><div class=\"wp-block-cover__inner-container is-layout-constrained wp-block-cover-is-layout-constrained\">\n<p class=\"has-text-align-center has-large-font-size\"><a href=\"https:\/\/www.tomaszcetner.com\/index.php\/cykle\/\" data-type=\"page\" data-id=\"523\">Cykle<\/a><\/p>\n<\/div><\/div>\n\n\n\n<p class=\"has-text-align-center\"><a href=\"http:\/\/www.tomaszcetner.com\/index.php\/o-mnie\/\" data-type=\"page\" data-id=\"2\">O mnie<\/a><\/p>\n\n\n\n<p><\/p>\n","protected":false},"excerpt":{"rendered":"<p>Fotografia to nie tylko obrazy \u2013 to my\u015bli i emocje, kt\u00f3re prowadz\u0105 do jej powstania. O mnie<\/p>\n","protected":false},"author":1,"featured_media":0,"parent":0,"menu_order":0,"comment_status":"closed","ping_status":"closed","template":"page-templates\/homepage.php","meta":{"footnotes":""},"class_list":["post-28","page","type-page","status-publish","hentry"],"_links":{"self":[{"href":"https:\/\/www.tomaszcetner.com\/index.php\/wp-json\/wp\/v2\/pages\/28","targetHints":{"allow":["GET"]}}],"collection":[{"href":"https:\/\/www.tomaszcetner.com\/index.php\/wp-json\/wp\/v2\/pages"}],"about":[{"href":"https:\/\/www.tomaszcetner.com\/index.php\/wp-json\/wp\/v2\/types\/page"}],"author":[{"embeddable":true,"href":"https:\/\/www.tomaszcetner.com\/index.php\/wp-json\/wp\/v2\/users\/1"}],"replies":[{"embeddable":true,"href":"https:\/\/www.tomaszcetner.com\/index.php\/wp-json\/wp\/v2\/comments?post=28"}],"version-history":[{"count":26,"href":"https:\/\/www.tomaszcetner.com\/index.php\/wp-json\/wp\/v2\/pages\/28\/revisions"}],"predecessor-version":[{"id":550,"href":"https:\/\/www.tomaszcetner.com\/index.php\/wp-json\/wp\/v2\/pages\/28\/revisions\/550"}],"wp:attachment":[{"href":"https:\/\/www.tomaszcetner.com\/index.php\/wp-json\/wp\/v2\/media?parent=28"}],"curies":[{"name":"wp","href":"https:\/\/api.w.org\/{rel}","templated":true}]}}